{"id":2335,"date":"2021-09-26T13:41:13","date_gmt":"2021-09-26T11:41:13","guid":{"rendered":"https:\/\/minerals.smdo.fr\/legal-notice\/"},"modified":"2023-08-03T12:09:33","modified_gmt":"2023-08-03T10:09:33","slug":"legal-notice","status":"publish","type":"page","link":"https:\/\/minerals.smdo-industrie.com\/en\/legal-notice\/","title":{"rendered":"Legal Notice"},"content":{"rendered":"\t\t<div data-elementor-type=\"wp-page\" data-elementor-id=\"2335\" class=\"elementor elementor-2335 elementor-73\" data-elementor-post-type=\"page\">\n\t\t\t\t\t\t<section class=\"elementor-section elementor-top-section elementor-element elementor-element-4004ef28 elementor-section-boxed elementor-section-height-default elementor-section-height-default\" data-id=\"4004ef28\" data-element_type=\"section\">\n\t\t\t\t\t\t<div class=\"elementor-container elementor-column-gap-default\">\n\t\t\t\t\t<div class=\"elementor-column elementor-col-100 elementor-top-column elementor-element elementor-element-5bc41406\" data-id=\"5bc41406\" data-element_type=\"column\">\n\t\t\t<div class=\"elementor-widget-wrap elementor-element-populated\">\n\t\t\t\t\t\t<div class=\"elementor-element elementor-element-500137d5 elementor-widget elementor-widget-text-editor\" data-id=\"500137d5\" data-element_type=\"widget\" data-widget_type=\"text-editor.default\">\n\t\t\t\t<div class=\"elementor-widget-container\">\n\t\t\t\t\t\t\t\n<p><strong>Commercial name: <\/strong>Soci\u00e9t\u00e9 M\u00e9tallurgique Dor\u00e9enne<\/p>\n\n\n\n<p><strong>Legal form : <\/strong>SASU<\/p>\n\n\n\n<p><strong>Share capital : <\/strong>300 000\u20ac.<\/p>\n\n\n\n<p><strong>Head office : <\/strong>LE DORE 49600 MONTREVAULT-SUR-EVRE<\/p>\n\n\n\n<p><strong>Phone : <\/strong>02.41.70.56.64<\/p>\n\n\n\n<p><strong>SIREN : <\/strong>301 669 347<\/p>\n\n\n\n<p><strong>RCS number : <\/strong>Angers B 301 669 347<\/p>\n\n\n\n<p><strong>Hosting :<\/strong> Visual Web Click<\/p>\n\t\t\t\t\t\t<\/div>\n\t\t\t\t<\/div>\n\t\t\t\t\t<\/div>\n\t\t<\/div>\n\t\t\t\t\t<\/div>\n\t\t<\/section>\n\t\t\t\t<\/div>\n\t\t","protected":false},"excerpt":{"rendered":"<p>Commercial name: Soci\u00e9t\u00e9 M\u00e9tallurgique Dor\u00e9enne Legal form : SASU Share capital : 300 000\u20ac. Head office : LE DORE 49600 MONTREVAULT-SUR-EVRE Phone : 02.41.70.56.64 SIREN : 301 669 347 RCS number : Angers B 301 669 347 Hosting : Visual Web Click<\/p>\n","protected":false},"author":1,"featured_media":0,"parent":0,"menu_order":0,"comment_status":"closed","ping_status":"closed","template":"","meta":{"footnotes":""},"class_list":["post-2335","page","type-page","status-publish","hentry"],"acf":[],"_links":{"self":[{"href":"https:\/\/minerals.smdo-industrie.com\/en\/wp-json\/wp\/v2\/pages\/2335","targetHints":{"allow":["GET"]}}],"collection":[{"href":"https:\/\/minerals.smdo-industrie.com\/en\/wp-json\/wp\/v2\/pages"}],"about":[{"href":"https:\/\/minerals.smdo-industrie.com\/en\/wp-json\/wp\/v2\/types\/page"}],"author":[{"embeddable":true,"href":"https:\/\/minerals.smdo-industrie.com\/en\/wp-json\/wp\/v2\/users\/1"}],"replies":[{"embeddable":true,"href":"https:\/\/minerals.smdo-industrie.com\/en\/wp-json\/wp\/v2\/comments?post=2335"}],"version-history":[{"count":1,"href":"https:\/\/minerals.smdo-industrie.com\/en\/wp-json\/wp\/v2\/pages\/2335\/revisions"}],"predecessor-version":[{"id":15947,"href":"https:\/\/minerals.smdo-industrie.com\/en\/wp-json\/wp\/v2\/pages\/2335\/revisions\/15947"}],"wp:attachment":[{"href":"https:\/\/minerals.smdo-industrie.com\/en\/wp-json\/wp\/v2\/media?parent=2335"}],"curies":[{"name":"wp","href":"https:\/\/api.w.org\/{rel}","templated":true}]}}